{"id":2316,"date":"2013-12-12T19:30:03","date_gmt":"2013-12-12T17:30:03","guid":{"rendered":"http:\/\/kh-kahne.de\/bka-wp\/?page_id=2316"},"modified":"2018-05-26T10:53:31","modified_gmt":"2018-05-26T08:53:31","slug":"impressum","status":"publish","type":"page","link":"https:\/\/borai.de\/BoraiKahne\/?page_id=2316","title":{"rendered":"Impressum"},"content":{"rendered":"<p><strong>Borai &amp; Kahne Ateliers<\/strong><\/p>\n<p><span style=\"font-size: medium;\">Ahmed Borai<br \/>\nSallstr.69<br \/>\nD 30171 Hannover<\/span><\/p>\n<p>Kontakt<br \/>\nTel. 0511-818078<br \/>\nE-Mail: kontakt(at)borai.de<\/p>\n<p><a href=\"http:\/\/ec.europa.eu\/consumers\/odr\/\"><strong>Online-Streitbeilegung<\/strong> <\/a>gem\u00e4\u00df Art. 14 Abs. 1 ODR-VO:<\/p>\n<p>Die Europ\u00e4ische Kommission stellt eine Plattform zur Online-Streitbeilegung (OS) bereit, die Sie unter <a href=\"http:\/\/ec.europa.eu\/consumers\/odr\/\" target=\"_blank\" rel=\"noopener\">http:\/\/ec.europa.eu\/consumers\/odr\/<\/a> finden.<\/p>\n<p>15.07.2013<\/p>\n<p><span style=\"font-size: large;\"><strong>Haftungsausschluss:<\/strong><\/span><\/p>\n<p><strong>Haftungsbeschr\u00e4nkung f\u00fcr eigene Inhalte<\/strong> Alle Inhalte meines Internetauftritts wurden mit Sorgfalt und nach bestem Gewissen erstellt. Eine Gew\u00e4hr f\u00fcr die Aktualit\u00e4t, Vollst\u00e4ndigkeit und Richtigkeit s\u00e4mtlicher Seiten kann jedoch nicht \u00fcbernommen werden. Gem\u00e4\u00df \u00a7 7 Abs. 1 TMG bin ich als Dienstanbieter f\u00fcr eigene Inhalte auf diesen Seiten nach den allgemeinen Gesetzen verantwortlich, nach den \u00a7\u00a7 8 bis 10 TMG jedoch nicht verpflichtet, die \u00fcbermittelten oder gespeicherten fremden Informationen zu \u00fcberwachen. Eine umgehende Entfernung dieser Inhalte erfolgt ab dem Zeitpunkt der Kenntnis einer konkreten Rechtsverletzung und ich hafte nicht vor dem Zeitpunkt der Kenntniserlangung.<\/p>\n<p><strong>Haftungsbeschr\u00e4nkung f\u00fcr externe Links<\/strong> Meine Webseite enth\u00e4lt sog. \u201eexterne Links\u201c (Verkn\u00fcpfungen zu Webseiten Dritter), auf deren Inhalt ich keinen Einfluss habe und f\u00fcr den ich aus diesem Grund keine Gew\u00e4hr \u00fcbernehme. F\u00fcr die Inhalte und Richtigkeit der Informationen ist der jeweilige Informationsanbieter der verlinkten Webseite verantwortlich. Als die Verlinkung vorgenommen wurde, waren f\u00fcr mich keine Rechtsverst\u00f6\u00dfe erkennbar. Sollte uns eine Rechtsverletzung bekannt werden, wird der jeweilige Link umgehend von uns entfernt.<\/p>\n<p><strong>Urheberrecht<\/strong> Die auf dieser Webseite ver\u00f6ffentlichten Inhalte und Werke unterliegen dem deutschen Urheberrecht. Jede Art der Vervielf\u00e4ltigung, Bearbeitung, Verbreitung und jede Art der Verwertung au\u00dferhalb der Grenzen des Urheberrechts bedarf der vorherigen schriftlichen Zustimmung des jeweiligen Urhebers bzw. Autors.<\/p>\n<p><strong>Datenschutz<\/strong> Durch den Besuch meines Internetauftritts k\u00f6nnen Informationen \u00fcber den Zugriff (Datum, Uhrzeit, aufgerufene Seite) auf dem Server gespeichert werden. Dies stellt keine Auswertung personenbezogener Daten (z.B. Name, Anschrift oder E-Mail Adresse) dar. Sofern personenbezogene Daten erhoben werden, erfolgt dies \u2013 sofern m\u00f6glich \u2013 nur mit dem vorherigen Einverst\u00e4ndnis des Nutzers der Webseite. Eine Weiterleitung der Daten an Dritte findet ohne ausdr\u00fcckliche Zustimmung des Nutzers nicht statt. Ich weise ausdr\u00fccklich darauf hin, dass die \u00dcbertragung von Daten im Internet (z.B. per E-Mail) Sicherheitsl\u00fccken aufweisen kann. Ein l\u00fcckenloser Schutz der Daten vor dem Zugriff Dritter kann nicht gew\u00e4hrleistet werden. Ick kann keine Haftung f\u00fcr die durch solche Sicherheitsl\u00fccken entstehenden Sch\u00e4den \u00fcbernehmen. Der Verwendung ver\u00f6ffentlichter Kontaktdaten durch Dritte zum Zwecke von Werbung wird ausdr\u00fccklich widersprochen. Ich behalte mir rechtliche Schritte f\u00fcr den Fall der unverlangten Zusendung von Werbeinformationen, z.B. durch Spam-Mails, vor.<br \/>\n<strong>Quelle<\/strong>: <a href=\"http:\/\/www.mustervorlage.net\/\">mustervorlage.net<\/a><\/p>\n<p><span style=\"font-size: large;\"><strong>Limitation of liability for internal content<\/strong><\/span><\/p>\n<p>The content of my website has been compiled with meticulous care and to the best of our knowledge. However, we cannot assume any liability for the up-to-dateness, completeness or accuracy of any of the pages.<\/p>\n<p>Pursuant to section 7, para. 1 of the TMG (Telemediengesetz \u2013 Tele Media Act by German law), we as service providers are liable for our own content on these pages in accordance with general laws. However, pursuant to sections 8 to 10 of the TMG, we as service providers are not under obligation to monitor external information provided or stored on my website. Once we have become aware of a specific infringement of the law, we will immediately remove the content in question. Any liability concerning this matter can only be assumed from the point in time at which the infringement becomes known to us.<\/p>\n<p><strong>Limitation of liability for external links<\/strong><\/p>\n<p>My website contains links to the websites of third parties (\u201cexternal links\u201d). As the content of these websites is not under our control, we cannot assume any liability for such external content. In all cases, the provider of information of the linked websites is liable for the content and accuracy of the information provided. At the point in time when the links were placed, no infringements of the law were recognisable to us. As soon as an infringement of the law becomes known to me, I will immediately remove the link in question.<\/p>\n<p><strong>Copyright<\/strong><\/p>\n<p>The content and works published on this website are governed by the copyright laws of Germany. Any duplication, processing, distribution or any form of utilisation beyond the scope of copyright law shall require the prior written consent of the author or authors in question.<\/p>\n<p><strong>Data protection<\/strong><\/p>\n<p>A visit to my website can result in the storage on our server of information about the access (date, time, page accessed). This does not represent any analysis of personal data (e.g., name, address or e-mail address). If personal data are collected, this only occurs \u2013 to the extent possible \u2013 with the prior consent of the user of the website. Any forwarding of the data to third parties without the express consent of the user shall not take place.<\/p>\n<p>I would like to expressly point out that the transmission of data via the Internet (e.g., by e-mail) can offer security vulnerabilities. It is therefore impossible to safeguard the data completely against access by third parties. I cannot assume any liability for damages arising as a result of such security vulnerabilities.<\/p>\n<p>The use by third parties of all published contact details for the purpose of advertising is expressly excluded. We reserve the right to take legal steps in the case of the unsolicited sending of advertising information; e.g., by means of spam mail.<\/p>\n<p>&nbsp;<\/p>\n<p>Source: <a href=\"http:\/\/www.mustervorlage.net\/disclaimer-muster#Englisch\">English Disclaimer on Mustervorlage.net<\/a><\/p>\n","protected":false},"excerpt":{"rendered":"<p>Borai &amp; Kahne Ateliers Ahmed Borai Sallstr.69 D 30171 Hannover Kontakt Tel. 0511-818078 E-Mail: kontakt(at)borai.de Online-Streitbeilegung gem\u00e4\u00df Art. 14 Abs. 1 ODR-VO: Die Europ\u00e4ische Kommission stellt eine Plattform zur Online-Streitbeilegung (OS) bereit, die Sie unter http:\/\/ec.europa.eu\/consumers\/odr\/ finden. 15.07.2013 Haftungsausschluss: Haftungsbeschr\u00e4nkung f\u00fcr eigene Inhalte Alle Inhalte meines Internetauftritts wurden mit Sorgfalt und nach bestem Gewissen erstellt. &hellip; <a href=\"https:\/\/borai.de\/BoraiKahne\/?page_id=2316\" class=\"more-link\"><span class=\"screen-reader-text\">\u201eImpressum\u201c <\/span>weiterlesen<\/a><\/p>\n","protected":false},"author":1,"featured_media":0,"parent":0,"menu_order":0,"comment_status":"closed","ping_status":"closed","template":"","meta":{"ngg_post_thumbnail":0,"footnotes":""},"class_list":["post-2316","page","type-page","status-publish","hentry"],"jetpack_sharing_enabled":true,"_links":{"self":[{"href":"https:\/\/borai.de\/BoraiKahne\/index.php?rest_route=\/wp\/v2\/pages\/2316","targetHints":{"allow":["GET"]}}],"collection":[{"href":"https:\/\/borai.de\/BoraiKahne\/index.php?rest_route=\/wp\/v2\/pages"}],"about":[{"href":"https:\/\/borai.de\/BoraiKahne\/index.php?rest_route=\/wp\/v2\/types\/page"}],"author":[{"embeddable":true,"href":"https:\/\/borai.de\/BoraiKahne\/index.php?rest_route=\/wp\/v2\/users\/1"}],"replies":[{"embeddable":true,"href":"https:\/\/borai.de\/BoraiKahne\/index.php?rest_route=%2Fwp%2Fv2%2Fcomments&post=2316"}],"version-history":[{"count":5,"href":"https:\/\/borai.de\/BoraiKahne\/index.php?rest_route=\/wp\/v2\/pages\/2316\/revisions"}],"predecessor-version":[{"id":2411,"href":"https:\/\/borai.de\/BoraiKahne\/index.php?rest_route=\/wp\/v2\/pages\/2316\/revisions\/2411"}],"wp:attachment":[{"href":"https:\/\/borai.de\/BoraiKahne\/index.php?rest_route=%2Fwp%2Fv2%2Fmedia&parent=2316"}],"curies":[{"name":"wp","href":"https:\/\/api.w.org\/{rel}","templated":true}]}}