{"id":824,"date":"2014-02-14T19:35:20","date_gmt":"2014-02-14T18:35:20","guid":{"rendered":"http:\/\/www.borai.de\/wordpress\/shop\/?page_id=824"},"modified":"2026-01-02T13:34:53","modified_gmt":"2026-01-02T12:34:53","slug":"a-borai","status":"publish","type":"page","link":"https:\/\/borai.de\/shop\/?page_id=824","title":{"rendered":"A.Borai"},"content":{"rendered":"<p data-start=\"346\" data-end=\"352\">Hallo,<\/p>\n<p data-start=\"354\" data-end=\"521\">nicht alle Arbeiten, die hier zu sehen sind, entstehen ausschlie\u00dflich im Atelier.<br data-start=\"435\" data-end=\"438\" \/>Das Atelier umfasst nicht nur die Farbk\u00fcche, sondern auch ein umfangreiches Archiv.<\/p>\n<p data-start=\"523\" data-end=\"645\">Diese Seite zeigt eine konzentrierte Auswahl von Arbeiten aus diesem Magazin.<br data-start=\"600\" data-end=\"603\" \/>Weitere Werke sind auf Anfrage zug\u00e4nglich.<\/p>\n<p data-start=\"647\" data-end=\"781\">Der digitale Raum ist f\u00fcr mich ein zus\u00e4tzlicher Ort der Begegnung.<br data-start=\"713\" data-end=\"716\" \/>Er erm\u00f6glicht Zugang, Austausch und Erwerb zu fairen Bedingungen.<\/p>\n<p data-start=\"783\" data-end=\"814\">Ich freue mich auf den Kontakt.<\/p>\n<p data-start=\"816\" data-end=\"827\">Ahmed Borai<\/p>\n<p>&nbsp;<\/p>\n<p><strong>Informationen<\/strong><\/p>\n<p>Die Hauptseite<a href=\"https:\/\/borai.de\/\" target=\"_blank\" rel=\"noopener\"> <strong>MAGAZIN<\/strong><\/a> dient der Pr\u00e4sentation meiner Arbeiten.<br \/>\nEinige Projekte sind dort detailliert mit Fotografien und Videos dokumentiert.<\/p>\n<p>Der Shopbereich befindet sich im Aufbau.<br \/>\nAktuell ist die Seite als Pr\u00e4sentation angelegt.<\/p>\n<p>Bei Interesse an einem Bild oder Objekt gen\u00fcgt eine kurze Nachricht.<br \/>\nEin ARTikel-Wunsch kann \u00fcber den Shopservice<br \/>\nmit Weiterleitung zu <strong><a href=\"https:\/\/www.saatchiart.com\/en-de\/aborai\" target=\"_blank\" rel=\"noopener\">Saatchi Ar<\/a>t<\/strong> realisiert werden.<\/p>\n<p>&nbsp;<\/p>\n<p><strong>Biografische Notiz<\/strong><\/p>\n<p>Ahmed Borai, deutsch-\u00e4gyptischer K\u00fcnstler, lebt und arbeitet in Hannover. Geboren 1960 in Darmstadt, erste autodidaktische Arbeiten in Berlin-Kreuzberg. 1987 Arbeitsstipendium der \u201eNotgemeinschaft der Deutschen Kunst e.V.\u201c, anschlie\u00dfend Studium der Freien Kunst an der Fachhochschule Hannover. 1993 Meistersch\u00fclerabschluss bei Prof. Peter Redeker.<br \/>\nSein k\u00fcnstlerischer Fokus liegt auf Papier als Tr\u00e4ger kollektiver Erinnerung und als Material des Recyclings. Er entwickelte die Techniken artrecycle (seit 1994) und paperplaining (seit 2014), die Fundmaterial, serielle Bildstrategien, urbane Eingriffe und gemeinschaftliche Arbeitsformen verbinden.<br \/>\nBorai ist Mitbegr\u00fcnder verschiedener K\u00fcnstlergruppen (u.\u202fa. Cromaten, k2 United Painters) und arbeitet langj\u00e4hrig im K\u00fcnstlerkollektiv Borai &amp; Kahne Ateliers. Ausstellungen u.\u202fa. in Hannover, Berlin, Wien, K\u00f6ln, Bristol und Dresden.<br \/>\n&nbsp;<br \/>\n<strong>Ausgew\u00e4hlte Ausstellungen<\/strong><\/p>\n<p>2025 \u2013 \u00a091.Herbstausstellung des Kunstverein Hannover, St\u00e4dtische Galerie Kubus<br \/>\n2025\u20132014 Saatchiart online Galerie \u2013 Internetpr\u00e4senz in kuratierten Sammlungen<br \/>\n2022 \u2013 \u201eRetro-Perspektiven\u201c, arche e.V. , Hameln<br \/>\n2017 \u2013 \u201eScience &amp; Fiction\u201c, Open Air Galerie, Kulturzentrum Faust, Hannover<br \/>\n2016 \u2013 \u201eEuropean Allstars\u201c, \u201eKnutsch Universum\u201c, Kulturzentrum Faust, Hannover<br \/>\n2015 \u2013 \u201eDas Patrouillenboot\u201c, Litfa\u00dfs\u00e4ule, Kulturzentrum Faust, Hannover<br \/>\n2010 \u2013 \u201eGipfeltreffen\u201c, Forum Schloss Wolkersdorf, Wien (mit K2 United Painters)<br \/>\n2006 \u2013 \u201eNeues aus Nieders\u00e4chsischen Ateliers\u201c, Salon Salder, Salzgitter (mit Gruppe 7)<br \/>\n2003 \u2013 \u201eSafarizone\u201c, Galerie Seifert, Hannover<br \/>\n2002 \u2013 \u201eWas auf den Tisch kommt\u201c, Eisfabrik, Hannover<br \/>\n2001 \u2013 \u201eT\u00e4ter Opfer &#8211; Kunst gegen Gewalt\u201c, Kramerstra\u00dfe, Hannover<br \/>\n1997 \u2013 \u201eColours Grow Again\u201c, Create Center, Bristol (UK), Neues Rathaus Hannover<br \/>\n1996 \u2013 \u201eWiedersehen\u201c, 79. Herbstausstellung, Kunstverein Hannover (auch 77.\/78.)<br \/>\n1994 \u2013 \u201eMensch &#8211; Maske &#8211; B\u00fchne\u201c, Staatsoper Hannover<br \/>\n1994 \u2013 \u201eExperiment Format\u201c, Kubus, Hannover<br \/>\n1992 \u2013 \u201eWirtschaft und Umwelt\u201c, Naturkunde-Museum, Bielefeld<br \/>\n1990 \u2013 Kunstpreis \u00d6kologie, K\u00f6ln, Berlin, Dresden<\/p>\n<p>&nbsp;<\/p>\n<p>Seit 1994 koordiniere ich das Projekt \u201cartrecycle \u2013 Globales Netzwerk \u2013 Zeichnungen auf Papier \u2013 Kunstrecycling\u201d. \u201cGebt den Bildern eine zweite Chance\u201d \u2013 Zeichnungen, die f\u00fcr den Papierkorb bestimmt sind oder in Schubladen liegen, werden gesammelt. Das Material der \u201cvergessenen Bilder\u201d (Fehldrucke, Grafiken, Zeichnungen, Arbeiten auf Papier,\u2026 ) flie\u00dft seitdem in Collagen, Objekten und Installationen ein. mehr&#8230;<a href=\"https:\/\/borai.de\/shop\/?page_id=64\" target=\"_blank\" rel=\"noopener noreferrer\">\u2192 Projektdurchf\u00fchrung <\/a>Artrecycle.<\/p>\n<p>&nbsp;<\/p>\n<p><span style=\"font-size: medium;\">Auf\u00a0 auf ein\u00a0 paar interessante Artportale mit Arbeiten von mir m\u00f6chte ich hinweisen.<\/span><\/p>\n<p>&nbsp;<\/p>\n<div dir=\"ltr\" data-angle=\"0\" data-font-name=\"Times\" data-canvas-width=\"126.28000376343728\"><\/div>\n<div dir=\"ltr\" style=\"font-size: 16px; font-family: sans-serif; left: 94.3987px; top: 92.8013px; transform: rotate(0deg) scale(0.948523, 1); transform-origin: 0% 0% 0px;\" data-angle=\"0\" data-font-name=\"Times\" data-canvas-width=\"126.28000376343728\"><a href=\"http:\/\/www.saatchiart.com\/ABorai\" target=\"_blank\" rel=\"noopener noreferrer\">SAATCHI ART<\/a> \u00a0 <a href=\"https:\/\/borai.de\/shop\/wp-content\/uploads\/2014\/02\/saatchi-icon.jpg\" target=\"_blank\" rel=\"noopener noreferrer\"><img loading=\"lazy\" decoding=\"async\" class=\"alignnone wp-image-899 size-full\" src=\"https:\/\/borai.de\/shop\/wp-content\/uploads\/2014\/02\/saatchi-icon.jpg\" alt=\"\" width=\"64\" height=\"64\" \/><\/a>\u00a0 <em>Prints bestellen &#8211; es sind bestimmt einige gute Plakat-Motive dabei. <\/em><a href=\"http:\/\/www.saatchiart.com\/A.Borai\" target=\"_blank\" rel=\"noopener noreferrer\"><strong>TIPP<\/strong><\/a><\/div>\n<div dir=\"ltr\" data-angle=\"0\" data-font-name=\"Times\" data-canvas-width=\"126.28000376343728\"><\/div>\n<div dir=\"ltr\" style=\"font-size: 16px; font-family: sans-serif; left: 94.3987px; top: 92.8013px; transform: rotate(0deg) scale(0.948523, 1); transform-origin: 0% 0% 0px;\" data-angle=\"0\" data-font-name=\"Times\" data-canvas-width=\"126.28000376343728\">\u00a0<a href=\"https:\/\/www.borai.de\/wordpress\/BoraiKahne\/\" target=\"_blank\" rel=\"noopener noreferrer\">Borai &amp; Kahne Ateliers<\/a>\u00a0 <a href=\"https:\/\/borai.de\/shop\/wp-content\/uploads\/2014\/02\/bka-link.jpg\" target=\"_blank\" rel=\"noopener noreferrer\"><img loading=\"lazy\" decoding=\"async\" class=\"alignnone wp-image-900 size-full\" src=\"https:\/\/borai.de\/shop\/wp-content\/uploads\/2014\/02\/bka-link.jpg\" alt=\"\" width=\"134\" height=\"75\" \/><\/a> <em>Zusammenarbeit mit K.H.Kahne, einfach anschauen.<\/em><\/div>\n<div dir=\"ltr\" data-angle=\"0\" data-font-name=\"Times\" data-canvas-width=\"126.28000376343728\"><\/div>\n<div dir=\"ltr\" style=\"font-size: 16px; font-family: sans-serif; left: 94.3987px; top: 92.8013px; transform: rotate(0deg) scale(0.948523, 1); transform-origin: 0% 0% 0px;\" data-angle=\"0\" data-font-name=\"Times\" data-canvas-width=\"126.28000376343728\"><a href=\"https:\/\/borai.de\/shop\/\" target=\"_blank\" rel=\"noopener noreferrer\">A.Borai <\/a><em><a href=\"https:\/\/borai.de\/shop\/\" target=\"_blank\" rel=\"noopener noreferrer\">Mainpage<\/a>\u00a0 <a href=\"https:\/\/borai.de\/shop\/wp-content\/uploads\/2014\/02\/Borai-mainpage-logo.jpg\" target=\"_blank\" rel=\"noopener noreferrer\"><img loading=\"lazy\" decoding=\"async\" class=\"alignnone wp-image-1327 size-full\" src=\"https:\/\/borai.de\/shop\/wp-content\/uploads\/2014\/02\/Borai-mainpage-logo.jpg\" alt=\"\" width=\"64\" height=\"64\" \/><\/a><\/em> Magazin, Katalog &#8211; \u00dcbersicht meiner Arbeiten.<em> Voll der \u00dcberblick\u00a0<\/em><em><br \/>\n<\/em><\/div>\n<p>&nbsp;<\/p>\n","protected":false},"excerpt":{"rendered":"<p>Hallo, nicht alle Arbeiten, die hier zu sehen sind, entstehen ausschlie\u00dflich im Atelier.Das Atelier umfasst nicht nur die Farbk\u00fcche, sondern auch ein umfangreiches Archiv. Diese Seite zeigt eine konzentrierte Auswahl von Arbeiten aus diesem Magazin.Weitere Werke sind auf Anfrage zug\u00e4nglich. Der digitale Raum ist f\u00fcr mich ein zus\u00e4tzlicher Ort der Begegnung.Er erm\u00f6glicht Zugang, Austausch und &hellip; <a href=\"https:\/\/borai.de\/shop\/?page_id=824\" class=\"more-link\"><span class=\"screen-reader-text\">\u201eA.Borai\u201c <\/span>weiterlesen<\/a><\/p>\n","protected":false},"author":2,"featured_media":0,"parent":0,"menu_order":0,"comment_status":"closed","ping_status":"closed","template":"","meta":{"footnotes":""},"class_list":["post-824","page","type-page","status-publish","hentry"],"_links":{"self":[{"href":"https:\/\/borai.de\/shop\/index.php?rest_route=\/wp\/v2\/pages\/824","targetHints":{"allow":["GET"]}}],"collection":[{"href":"https:\/\/borai.de\/shop\/index.php?rest_route=\/wp\/v2\/pages"}],"about":[{"href":"https:\/\/borai.de\/shop\/index.php?rest_route=\/wp\/v2\/types\/page"}],"author":[{"embeddable":true,"href":"https:\/\/borai.de\/shop\/index.php?rest_route=\/wp\/v2\/users\/2"}],"replies":[{"embeddable":true,"href":"https:\/\/borai.de\/shop\/index.php?rest_route=%2Fwp%2Fv2%2Fcomments&post=824"}],"version-history":[{"count":52,"href":"https:\/\/borai.de\/shop\/index.php?rest_route=\/wp\/v2\/pages\/824\/revisions"}],"predecessor-version":[{"id":1993,"href":"https:\/\/borai.de\/shop\/index.php?rest_route=\/wp\/v2\/pages\/824\/revisions\/1993"}],"wp:attachment":[{"href":"https:\/\/borai.de\/shop\/index.php?rest_route=%2Fwp%2Fv2%2Fmedia&parent=824"}],"curies":[{"name":"wp","href":"https:\/\/api.w.org\/{rel}","templated":true}]}}