{"id":296,"date":"2014-02-04T12:57:54","date_gmt":"2014-02-04T11:57:54","guid":{"rendered":"http:\/\/www.borai.de\/wordpress\/shop\/?post_type=product&#038;p=296"},"modified":"2019-01-03T17:04:00","modified_gmt":"2019-01-03T16:04:00","slug":"orchideen-mineur","status":"publish","type":"product","link":"https:\/\/borai.de\/shop\/?product=orchideen-mineur","title":{"rendered":"Orchideen Mineur"},"content":{"rendered":"<p><span style=\"font-size: x-large;\">Newspaper Novel Sketch <\/span><\/p>\n<p>\u00bb\u00a0<span style=\"font-size: large;\"><em>Der Orchideen Mineur gr\u00e4bt Tag und Nacht nach s\u00fc\u00dfen Bl\u00fcten.\u00ab<\/em><\/span><\/p>\n<p>&#8222;Orchids Miner&#8220;- sketch for &#8217;newspaper novel&#8216; &#8211; the Orchids Miner digs day and night searching for sweet flowers.<br \/>\nAcrylic on double newspaper (glued), framed with a coloured marginal-passepartout\/border (optional) &#8211;<br \/>\nsigned &amp; dated at the back.<\/p>\n","protected":false},"excerpt":{"rendered":"<p>&nbsp;<\/p>\n<ul>\n<li><span style=\"font-size: large;\"><span style=\"font-size: large;\">Acryl auf Zeitung, 118 x 83cm<\/span><\/span><\/li>\n<li>Painting\u00a0 Size: 118.5 H x 83 W x 0.1 cm\u00a0\u00a0\u00a0\u00a0 Ships in a tube<\/li>\n<li>Sale on Saatchi Art<\/li>\n<\/ul>\n<p>&nbsp;<\/p>\n<p>&nbsp;<\/p>\n","protected":false},"featured_media":299,"comment_status":"open","ping_status":"closed","template":"","meta":[],"product_brand":[],"product_cat":[24],"product_tag":[52,27,26],"class_list":{"0":"post-296","1":"product","2":"type-product","3":"status-publish","4":"has-post-thumbnail","6":"product_cat-news-painting","7":"product_tag-malerei","8":"product_tag-newspaper","9":"product_tag-painting","10":"product_shipping_class-dhl-versicherter-paketversand","12":"first","13":"instock","14":"featured","15":"sold-individually","16":"shipping-taxable","17":"product-type-external"},"_links":{"self":[{"href":"https:\/\/borai.de\/shop\/index.php?rest_route=\/wp\/v2\/product\/296","targetHints":{"allow":["GET"]}}],"collection":[{"href":"https:\/\/borai.de\/shop\/index.php?rest_route=\/wp\/v2\/product"}],"about":[{"href":"https:\/\/borai.de\/shop\/index.php?rest_route=\/wp\/v2\/types\/product"}],"replies":[{"embeddable":true,"href":"https:\/\/borai.de\/shop\/index.php?rest_route=%2Fwp%2Fv2%2Fcomments&post=296"}],"wp:featuredmedia":[{"embeddable":true,"href":"https:\/\/borai.de\/shop\/index.php?rest_route=\/wp\/v2\/media\/299"}],"wp:attachment":[{"href":"https:\/\/borai.de\/shop\/index.php?rest_route=%2Fwp%2Fv2%2Fmedia&parent=296"}],"wp:term":[{"taxonomy":"product_brand","embeddable":true,"href":"https:\/\/borai.de\/shop\/index.php?rest_route=%2Fwp%2Fv2%2Fproduct_brand&post=296"},{"taxonomy":"product_cat","embeddable":true,"href":"https:\/\/borai.de\/shop\/index.php?rest_route=%2Fwp%2Fv2%2Fproduct_cat&post=296"},{"taxonomy":"product_tag","embeddable":true,"href":"https:\/\/borai.de\/shop\/index.php?rest_route=%2Fwp%2Fv2%2Fproduct_tag&post=296"}],"curies":[{"name":"wp","href":"https:\/\/api.w.org\/{rel}","templated":true}]}}